{"id":10,"date":"2020-03-28T13:28:33","date_gmt":"2020-03-28T13:28:33","guid":{"rendered":"http:\/\/dr-fashion.de\/?page_id=10"},"modified":"2023-11-02T16:13:46","modified_gmt":"2023-11-02T16:13:46","slug":"startseite","status":"publish","type":"page","link":"http:\/\/dr-fashion.de\/","title":{"rendered":"Startseite"},"content":{"rendered":"<p>[et_pb_section fb_built=&#8220;1&#8243; disabled_on=&#8220;off|off|off&#8220; _builder_version=&#8220;4.16&#8243; background_color=&#8220;#edf000&#8243; link_option_url=&#8220;https:\/\/dr-fashion-display.advarics.net\/&#8220; global_colors_info=&#8220;{}&#8220;][et_pb_row _builder_version=&#8220;4.16&#8243; global_colors_info=&#8220;{}&#8220;][et_pb_column type=&#8220;4_4&#8243; _builder_version=&#8220;4.16&#8243; global_colors_info=&#8220;{}&#8220;][et_pb_text _builder_version=&#8220;4.16&#8243; text_font=&#8220;||||||||&#8220; text_text_color=&#8220;#000000&#8243; text_font_size=&#8220;88px&#8220; text_line_height=&#8220;0.9em&#8220; custom_margin=&#8220;35px||0px||false|false&#8220; text_font_size_tablet=&#8220;65px&#8220; text_font_size_phone=&#8220;44px&#8220; text_font_size_last_edited=&#8220;on|tablet&#8220; text_line_height_tablet=&#8220;0.9em&#8220; text_line_height_phone=&#8220;&#8220; text_line_height_last_edited=&#8220;on|phone&#8220; global_colors_info=&#8220;{}&#8220;]<\/p>\n<p style=\"text-align: center;\"><strong>DR. FASHION ONLINE<\/strong>\u00a0<br class=\"clear\" \/>HIER GEHTS DIREKT\u00a0ZUM SORTIMENT<\/p>\n<p>[\/et_pb_text][et_pb_text _builder_version=&#8220;4.16&#8243; text_font_size=&#8220;21px&#8220; text_orientation=&#8220;center&#8220; width=&#8220;58%&#8220; module_alignment=&#8220;center&#8220; custom_margin=&#8220;17px||||false|false&#8220; text_font_size_tablet=&#8220;&#8220; text_font_size_phone=&#8220;13px&#8220; text_font_size_last_edited=&#8220;on|phone&#8220; global_colors_info=&#8220;{}&#8220; text_font_size__hover_enabled=&#8220;on|desktop&#8220; text_font_size__hover=&#8220;21px&#8220;]<\/p>\n<p>St\u00f6ber durch unser Sortiment und reservier dir deine Teile gleich online. Du kannst sie dann bequem &amp; einfach bei uns im Laden abholen und bezahlen.<\/p>\n<p>[\/et_pb_text][\/et_pb_column][\/et_pb_row][et_pb_row disabled_on=&#8220;on|on|on&#8220; _builder_version=&#8220;4.16&#8243; disabled=&#8220;on&#8220; global_colors_info=&#8220;{}&#8220;][et_pb_column type=&#8220;4_4&#8243; _builder_version=&#8220;4.16&#8243; global_colors_info=&#8220;{}&#8220;][et_pb_button button_url=&#8220;https:\/\/www.youtube.com\/watch?v=4ASJpSc5LNA&#8220; button_text=&#8220;Hier gehts zum Livestream am 18. M\u00e4rz ab 19:00 Uhr&#8220; button_alignment=&#8220;center&#8220; disabled_on=&#8220;off|off|off&#8220; _builder_version=&#8220;4.16&#8243; global_colors_info=&#8220;{}&#8220;][\/et_pb_button][\/et_pb_column][\/et_pb_row][\/et_pb_section][et_pb_section fb_built=&#8220;1&#8243; theme_builder_area=&#8220;post_content&#8220; _builder_version=&#8220;4.20.2&#8243; _module_preset=&#8220;default&#8220;][et_pb_row _builder_version=&#8220;4.20.2&#8243; _module_preset=&#8220;default&#8220; theme_builder_area=&#8220;post_content&#8220;][et_pb_column _builder_version=&#8220;4.20.2&#8243; _module_preset=&#8220;default&#8220; type=&#8220;4_4&#8243; theme_builder_area=&#8220;post_content&#8220;][et_pb_video src=&#8220;https:\/\/youtu.be\/7UQt-YM4iAk?si=eGy1KX4_8hW7I5kZ&#8220; _builder_version=&#8220;4.20.2&#8243; _module_preset=&#8220;default&#8220; theme_builder_area=&#8220;post_content&#8220; hover_enabled=&#8220;0&#8243; sticky_enabled=&#8220;0&#8243;][\/et_pb_video][\/et_pb_column][\/et_pb_row][\/et_pb_section][et_pb_section fb_built=&#8220;1&#8243; _builder_version=&#8220;4.16&#8243; global_colors_info=&#8220;{}&#8220;][et_pb_row _builder_version=&#8220;4.16&#8243; global_colors_info=&#8220;{}&#8220;][et_pb_column type=&#8220;4_4&#8243; _builder_version=&#8220;4.16&#8243; global_colors_info=&#8220;{}&#8220;][et_pb_text _builder_version=&#8220;4.20.2&#8243; global_colors_info=&#8220;{}&#8220;]<\/p>\n<style type=\"text\/css\">\n<\/style>\n<p>[\/et_pb_text][\/et_pb_column][\/et_pb_row][\/et_pb_section][et_pb_section fb_built=&#8220;1&#8243; module_id=&#8220;Kundenkarte&#8220; _builder_version=&#8220;4.16&#8243; background_color=&#8220;#edf000&#8243; animation_style=&#8220;fade&#8220; saved_tabs=&#8220;all&#8220; global_colors_info=&#8220;{}&#8220;][et_pb_row _builder_version=&#8220;4.16&#8243; custom_margin=&#8220;-43px|auto||auto||&#8220; custom_padding=&#8220;||74px|||&#8220; global_colors_info=&#8220;{}&#8220;][et_pb_column type=&#8220;4_4&#8243; _builder_version=&#8220;4.16&#8243; global_colors_info=&#8220;{}&#8220;][et_pb_text _builder_version=&#8220;4.20.2&#8243; text_font=&#8220;||||||||&#8220; text_text_color=&#8220;#000000&#8243; text_font_size=&#8220;88px&#8220; text_line_height=&#8220;0.9em&#8220; custom_margin=&#8220;35px||0px||false|false&#8220; text_font_size_tablet=&#8220;65px&#8220; text_font_size_phone=&#8220;39px&#8220; text_font_size_last_edited=&#8220;on|tablet&#8220; text_line_height_tablet=&#8220;0.9em&#8220; text_line_height_phone=&#8220;&#8220; text_line_height_last_edited=&#8220;on|phone&#8220; global_colors_info=&#8220;{}&#8220;]<\/p>\n<p style=\"text-align: center;\"><strong>DR. KUNDENKARTE<\/strong>\u00a0<br class=\"clear\" \/><span style=\"color: #000000;\">CLUBMITGLIED WERDEN UND PROFITIEREN\u00a0<\/span><\/p>\n<p>[\/et_pb_text][\/et_pb_column][\/et_pb_row][et_pb_row column_structure=&#8220;1_3,1_3,1_3&#8243; use_custom_gutter=&#8220;on&#8220; gutter_width=&#8220;1&#8243; _builder_version=&#8220;4.16&#8243; background_color=&#8220;rgba(0,0,0,0)&#8220; transform_scale_tablet=&#8220;&#8220; transform_scale_phone=&#8220;&#8220; transform_scale_last_edited=&#8220;on|tablet&#8220; transform_translate_tablet=&#8220;&#8220; transform_translate_phone=&#8220;&#8220; transform_translate_last_edited=&#8220;on|tablet&#8220; transform_rotate_tablet=&#8220;&#8220; transform_rotate_phone=&#8220;&#8220; transform_rotate_last_edited=&#8220;on|tablet&#8220; transform_skew_tablet=&#8220;&#8220; transform_skew_phone=&#8220;&#8220; transform_skew_last_edited=&#8220;on|tablet&#8220; transform_origin_tablet=&#8220;&#8220; transform_origin_phone=&#8220;&#8220; transform_origin_last_edited=&#8220;on|tablet&#8220; transform_styles_last_edited=&#8220;on|tablet&#8220; width=&#8220;82%&#8220; width_tablet=&#8220;43%&#8220; width_phone=&#8220;56%&#8220; width_last_edited=&#8220;on|phone&#8220; module_alignment=&#8220;center&#8220; min_height=&#8220;100px&#8220; height=&#8220;347px&#8220; height_tablet=&#8220;auto&#8220; height_phone=&#8220;&#8220; height_last_edited=&#8220;on|tablet&#8220; custom_margin=&#8220;|0px||0px|false|false&#8220; custom_margin_tablet=&#8220;&#8220; custom_margin_phone=&#8220;&#8220; custom_margin_last_edited=&#8220;on|desktop&#8220; custom_padding=&#8220;0px|||||&#8220; animation_style=&#8220;fade&#8220; transform_styles_tablet=&#8220;&#8220; transform_styles_phone=&#8220;&#8220; global_colors_info=&#8220;{}&#8220;][et_pb_column type=&#8220;1_3&#8243; _builder_version=&#8220;4.16&#8243; background_color=&#8220;rgba(0,0,0,0)&#8220; global_colors_info=&#8220;{}&#8220;][et_pb_blurb title=&#8220;DEIN PREISVORTEIL&#8220; image=&#8220;http:\/\/dr-fashion.de\/wp-content\/uploads\/2020\/03\/KUNDENKARTE_1a.png&#8220; image_icon_width=&#8220;58%&#8220; content_max_width=&#8220;305px&#8220; image_icon_width_tablet=&#8220;100%&#8220; image_icon_width_phone=&#8220;100%&#8220; image_icon_width_last_edited=&#8220;on|desktop&#8220; content_max_width_tablet=&#8220;&#8220; content_max_width_phone=&#8220;&#8220; content_max_width_last_edited=&#8220;on|desktop&#8220; _builder_version=&#8220;4.16&#8243; body_font_size=&#8220;18px&#8220; transform_scale_tablet=&#8220;&#8220; transform_scale_phone=&#8220;&#8220; transform_scale_last_edited=&#8220;on|desktop&#8220; transform_translate_tablet=&#8220;&#8220; transform_translate_phone=&#8220;&#8220; transform_translate_last_edited=&#8220;on|tablet&#8220; transform_rotate_tablet=&#8220;&#8220; transform_rotate_phone=&#8220;&#8220; transform_rotate_last_edited=&#8220;on|tablet&#8220; transform_skew_tablet=&#8220;&#8220; transform_skew_phone=&#8220;&#8220; transform_skew_last_edited=&#8220;on|tablet&#8220; transform_origin_tablet=&#8220;&#8220; transform_origin_phone=&#8220;&#8220; transform_origin_last_edited=&#8220;on|tablet&#8220; transform_styles_last_edited=&#8220;on|desktop&#8220; text_orientation=&#8220;center&#8220; width=&#8220;100%&#8220; transform_styles_tablet=&#8220;&#8220; transform_styles_phone=&#8220;&#8220; image_max_width=&#8220;58%&#8220; image_max_width_tablet=&#8220;100%&#8220; image_max_width_phone=&#8220;&#8220; image_max_width_last_edited=&#8220;on|desktop&#8220; global_colors_info=&#8220;{}&#8220; font_icon__hover_enabled=&#8220;off|desktop&#8220; transform_styles__hover_enabled=&#8220;on|hover&#8220; transform_scale__hover_enabled=&#8220;on|hover&#8220; transform_translate__hover_enabled=&#8220;on|desktop&#8220; transform_rotate__hover_enabled=&#8220;on|desktop&#8220; transform_skew__hover_enabled=&#8220;on|desktop&#8220; transform_origin__hover_enabled=&#8220;on|desktop&#8220; transform_scale__hover=&#8220;120%|120%&#8220;]<\/p>\n<p style=\"text-align: center;\"><span style=\"font-size: medium;\">3 % werden deinem Konto Gutgeschrieben bei jedem Einkauf regul\u00e4rer Ware. Dieser Rabatt wird am Ende des Jahres als Gutschein verschickt.<\/span><\/p>\n<p>[\/et_pb_blurb][\/et_pb_column][et_pb_column type=&#8220;1_3&#8243; _builder_version=&#8220;4.16&#8243; global_colors_info=&#8220;{}&#8220;][et_pb_blurb title=&#8220;ALS ERSTES INFORMIERT&#8220; image=&#8220;http:\/\/dr-fashion.de\/wp-content\/uploads\/2020\/03\/KUNDENKARTE_2.png&#8220; image_icon_width=&#8220;58%&#8220; content_max_width=&#8220;305px&#8220; image_icon_width_tablet=&#8220;100%&#8220; image_icon_width_phone=&#8220;100%&#8220; image_icon_width_last_edited=&#8220;on|desktop&#8220; content_max_width_tablet=&#8220;&#8220; content_max_width_phone=&#8220;&#8220; content_max_width_last_edited=&#8220;on|desktop&#8220; _builder_version=&#8220;4.16&#8243; body_font_size=&#8220;18px&#8220; text_orientation=&#8220;center&#8220; width=&#8220;100%&#8220; image_max_width=&#8220;58%&#8220; image_max_width_tablet=&#8220;100%&#8220; image_max_width_phone=&#8220;&#8220; image_max_width_last_edited=&#8220;on|desktop&#8220; global_colors_info=&#8220;{}&#8220; transform_styles__hover_enabled=&#8220;on|hover&#8220; transform_scale__hover_enabled=&#8220;on|hover&#8220; transform_translate__hover_enabled=&#8220;on|desktop&#8220; transform_rotate__hover_enabled=&#8220;on|desktop&#8220; transform_skew__hover_enabled=&#8220;on|desktop&#8220; transform_origin__hover_enabled=&#8220;on|desktop&#8220; transform_scale__hover=&#8220;120%|120%&#8220;]<\/p>\n<p><span style=\"font-size: medium;\">Dr. Fashion und Dr. Fair Fashion -Kundenkarteninhaber werden fr\u00fcher als alle anderen und exklusiv \u00fcber Aktionen, Preisvorteile und Rabatt-Aktionen informiert.<\/span><\/p>\n<p>[\/et_pb_blurb][\/et_pb_column][et_pb_column type=&#8220;1_3&#8243; _builder_version=&#8220;4.16&#8243; global_colors_info=&#8220;{}&#8220;][et_pb_blurb title=&#8220;DR. FASHION EXKLUSIV ERLEBEN&#8220; image=&#8220;http:\/\/dr-fashion.de\/wp-content\/uploads\/2020\/03\/KUNDENKARTE_3.png&#8220; image_icon_width=&#8220;58%&#8220; content_max_width=&#8220;305px&#8220; image_icon_width_tablet=&#8220;100%&#8220; image_icon_width_phone=&#8220;100%&#8220; image_icon_width_last_edited=&#8220;on|desktop&#8220; content_max_width_tablet=&#8220;&#8220; content_max_width_phone=&#8220;&#8220; content_max_width_last_edited=&#8220;on|desktop&#8220; _builder_version=&#8220;4.16&#8243; body_font_size=&#8220;18px&#8220; text_orientation=&#8220;center&#8220; width=&#8220;100%&#8220; custom_padding=&#8220;|||0px||&#8220; image_max_width=&#8220;58%&#8220; image_max_width_tablet=&#8220;100%&#8220; image_max_width_phone=&#8220;&#8220; image_max_width_last_edited=&#8220;on|desktop&#8220; global_colors_info=&#8220;{}&#8220; transform_styles__hover_enabled=&#8220;on|hover&#8220; transform_scale__hover_enabled=&#8220;on|hover&#8220; transform_translate__hover_enabled=&#8220;on|desktop&#8220; transform_rotate__hover_enabled=&#8220;on|desktop&#8220; transform_skew__hover_enabled=&#8220;on|desktop&#8220; transform_origin__hover_enabled=&#8220;on|desktop&#8220; transform_scale__hover=&#8220;120%|120%&#8220;]<\/p>\n<p><span style=\"font-size: medium;\">F\u00fcr Dr-Kundenkarteninhaber lassen wir uns immer wieder exklusive Events einfallen. Du erh\u00e4ltst hierf\u00fcr eine exklusive Einladung.<\/span><\/p>\n<p>[\/et_pb_blurb][\/et_pb_column][\/et_pb_row][et_pb_row _builder_version=&#8220;4.16&#8243; global_colors_info=&#8220;{}&#8220;][et_pb_column type=&#8220;4_4&#8243; _builder_version=&#8220;4.16&#8243; global_colors_info=&#8220;{}&#8220;][et_pb_text _builder_version=&#8220;4.16&#8243; text_font_size=&#8220;19px&#8220; global_colors_info=&#8220;{}&#8220;]<\/p>\n<p style=\"text-align: center;\">Du m\u00f6chtest die Dr. Kundenkarte erhalten? Dann komm bei uns vorbei und registrier dich.<\/p>\n<p>[\/et_pb_text][\/et_pb_column][\/et_pb_row][\/et_pb_section][et_pb_section fb_built=&#8220;1&#8243; _builder_version=&#8220;4.16&#8243; global_colors_info=&#8220;{}&#8220;][et_pb_row _builder_version=&#8220;4.20.2&#8243; _module_preset=&#8220;default&#8220; global_colors_info=&#8220;{}&#8220;][et_pb_column type=&#8220;4_4&#8243; _builder_version=&#8220;4.20.2&#8243; _module_preset=&#8220;default&#8220; global_colors_info=&#8220;{}&#8220;][et_pb_text _builder_version=&#8220;4.20.2&#8243; text_font=&#8220;||||||||&#8220; text_text_color=&#8220;#000000&#8243; text_font_size=&#8220;88px&#8220; text_line_height=&#8220;0.9em&#8220; custom_margin=&#8220;35px||0px||false|false&#8220; text_font_size_tablet=&#8220;65px&#8220; text_font_size_phone=&#8220;39px&#8220; text_font_size_last_edited=&#8220;on|tablet&#8220; text_line_height_tablet=&#8220;0.9em&#8220; text_line_height_phone=&#8220;&#8220; text_line_height_last_edited=&#8220;on|phone&#8220; global_colors_info=&#8220;{}&#8220;]<\/p>\n<p style=\"text-align: center;\"><b>UNSERE MARKEN<\/b><br class=\"clear\" \/><span style=\"color: #000000;\">\u00a0<\/span><\/p>\n<p>[\/et_pb_text][\/et_pb_column][\/et_pb_row][et_pb_row column_structure=&#8220;1_5,1_5,1_5,1_5,1_5&#8243; _builder_version=&#8220;4.20.2&#8243; _module_preset=&#8220;default&#8220; global_colors_info=&#8220;{}&#8220;][et_pb_column type=&#8220;1_5&#8243; _builder_version=&#8220;4.20.2&#8243; _module_preset=&#8220;default&#8220; global_colors_info=&#8220;{}&#8220;][et_pb_text _builder_version=&#8220;4.20.2&#8243; _module_preset=&#8220;default&#8220; global_colors_info=&#8220;{}&#8220;]<\/p>\n<blockquote>\n<h3>a beautiful story<\/h3>\n<h3>absolut cashmere<\/h3>\n<h3>American Vintage<\/h3>\n<h3>Ann Kurz<\/h3>\n<h3>Apple of Eden<\/h3>\n<h3>Armedangels<\/h3>\n<h3>Billybelt<\/h3>\n<h3>Blonde No.8<\/h3>\n<h3>Blutsgeschwister<\/h3>\n<h3>Bomboogie<\/h3>\n<h3>brasibrasi<\/h3>\n<h3>Cabaia<\/h3>\n<\/blockquote>\n<p>[\/et_pb_text][\/et_pb_column][et_pb_column type=&#8220;1_5&#8243; _builder_version=&#8220;4.20.2&#8243; _module_preset=&#8220;default&#8220; global_colors_info=&#8220;{}&#8220;][et_pb_text _builder_version=&#8220;4.20.2&#8243; _module_preset=&#8220;default&#8220; global_colors_info=&#8220;{}&#8220;]<\/p>\n<blockquote>\n<h3>co&#8216; couture<\/h3>\n<h3>Colours &amp; Sons<\/h3>\n<h3>Danner<\/h3>\n<h3>Dawn<\/h3>\n<h3>Diadora<\/h3>\n<h3>Dr.Martens<\/h3>\n<h3>Ecoalf<\/h3>\n<h3>Elbsand<\/h3>\n<h3>Emily van den Bergh<\/h3>\n<h3>Evasolo<\/h3>\n<h3>F\u00e4dd<\/h3>\n<h3>Flamingos Life<\/h3>\n<\/blockquote>\n<p>[\/et_pb_text][\/et_pb_column][et_pb_column type=&#8220;1_5&#8243; _builder_version=&#8220;4.20.2&#8243; _module_preset=&#8220;default&#8220; global_colors_info=&#8220;{}&#8220;][et_pb_text _builder_version=&#8220;4.20.2&#8243; _module_preset=&#8220;default&#8220; global_colors_info=&#8220;{}&#8220;]<\/p>\n<blockquote>\n<h3>Gabba<\/h3>\n<h3>Gang<\/h3>\n<h3>Genesis<\/h3>\n<h3>Givn<\/h3>\n<h3>Gluckigluck<\/h3>\n<h3>Goorin Bros<\/h3>\n<h3>Gossengold<\/h3>\n<h3>Henriette Steffensen<\/h3>\n<h3>Hoff<\/h3>\n<h3>H\u00f6rner Weine<\/h3>\n<h3>HUB<\/h3>\n<h3>ICHI<\/h3>\n<\/blockquote>\n<p>[\/et_pb_text][\/et_pb_column][et_pb_column type=&#8220;1_5&#8243; _builder_version=&#8220;4.20.2&#8243; _module_preset=&#8220;default&#8220; global_colors_info=&#8220;{}&#8220;][et_pb_text _builder_version=&#8220;4.20.2&#8243; _module_preset=&#8220;default&#8220; global_colors_info=&#8220;{}&#8220;]<\/p>\n<blockquote>\n<h3>IZIPIZI<\/h3>\n<h3>Knowledge Cotton<\/h3>\n<h3>Lanius<\/h3>\n<h3>Le Bonnet<\/h3>\n<h3>Le temps des Cerises<\/h3>\n<h3>Les Deux<\/h3>\n<h3>Lieblingskorb<\/h3>\n<h3>mbyM<\/h3>\n<h3>Penn&amp;Ink<\/h3>\n<h3>Pinqponq<\/h3>\n<h3>Pisati<\/h3>\n<h3>Puma<\/h3>\n<\/blockquote>\n<p>[\/et_pb_text][\/et_pb_column][et_pb_column type=&#8220;1_5&#8243; _builder_version=&#8220;4.20.2&#8243; _module_preset=&#8220;default&#8220; global_colors_info=&#8220;{}&#8220;][et_pb_text _builder_version=&#8220;4.20.2&#8243; _module_preset=&#8220;default&#8220; global_colors_info=&#8220;{}&#8220;]<\/p>\n<blockquote>\n<h3>Secrid<\/h3>\n<h3>sibin linebjerg<\/h3>\n<h3>smith&amp;soul<\/h3>\n<h3>Sofie Schnoor<\/h3>\n<h3>Solwang<\/h3>\n<h3>Sompex<\/h3>\n<h3>Sonnenglas<\/h3>\n<h3>sorbet island<\/h3>\n<h3>SUN68<\/h3>\n<h3>Superdry<\/h3>\n<h3>Vanessa Baroni<\/h3>\n<h3>Woden<\/h3>\n<\/blockquote>\n<p>[\/et_pb_text][\/et_pb_column][\/et_pb_row][\/et_pb_section][et_pb_section fb_built=&#8220;1&#8243; specialty=&#8220;on&#8220; _builder_version=&#8220;4.16&#8243; background_color=&#8220;#fbe449&#8243; custom_css_after=&#8220;<\/p>\n<style>||table , table td , tbble th {|| border:none;||}||<\/style>\n<p>&#8220; global_colors_info=&#8220;{}&#8220;][et_pb_column type=&#8220;1_2&#8243; _builder_version=&#8220;4.16&#8243; custom_padding=&#8220;|||&#8220; global_colors_info=&#8220;{}&#8220; custom_padding__hover=&#8220;|||&#8220;][et_pb_map address=&#8220;Marktplatz 2, 73430 Aalen&#8220; disabled_on=&#8220;on|on|on&#8220; _builder_version=&#8220;4.16&#8243; disabled=&#8220;on&#8220; global_colors_info=&#8220;{}&#8220;][et_pb_map_pin pin_address=&#8220;Marktplatz 2, 73430 Aalen&#8220; _builder_version=&#8220;4.4.1&#8243; global_colors_info=&#8220;{}&#8220;][\/et_pb_map_pin][\/et_pb_map][dsm_embed_google_map address=&#8220;Dr Fashion&#8220; zoom=&#8220;19&#8243; _builder_version=&#8220;4.20.2&#8243; _module_preset=&#8220;default&#8220; global_colors_info=&#8220;{}&#8220;][\/dsm_embed_google_map][\/et_pb_column][et_pb_column type=&#8220;1_2&#8243; specialty_columns=&#8220;2&#8243; _builder_version=&#8220;4.16&#8243; custom_padding=&#8220;|||&#8220; global_colors_info=&#8220;{}&#8220; custom_padding__hover=&#8220;|||&#8220;][et_pb_row_inner column_structure=&#8220;1_2,1_2&#8243; _builder_version=&#8220;4.16&#8243; global_colors_info=&#8220;{}&#8220;][et_pb_column_inner type=&#8220;1_2&#8243; saved_specialty_column_type=&#8220;1_2&#8243; _builder_version=&#8220;4.16&#8243; global_colors_info=&#8220;{}&#8220;][et_pb_blurb title=&#8220;\u00d6FFNUNGSZEITEN&#8220; _builder_version=&#8220;4.16&#8243; header_font=&#8220;|700|||||||&#8220; background_color=&#8220;rgba(0,0,0,0)&#8220; global_colors_info=&#8220;{}&#8220;]&nbsp;<\/p>\n<table style=\"border-color: #fbe449;\" border=\"#fbe449\">\n<tbody>\n<tr>\n<td>Montag bis Freitag:<\/td>\n<td>10:00 &#8211; 18:00 Uhr<\/td>\n<\/tr>\n<tr>\n<td>Samstag<\/td>\n<td>10:00 &#8211; 16:00 Uhr<\/td>\n<\/tr>\n<tr>\n<td>Sonntag<\/td>\n<td>geschlossen<\/td>\n<\/tr>\n<\/tbody>\n<\/table>\n<p>[\/et_pb_blurb][dsm_business_hours _builder_version=&#8220;4.20.2&#8243; _module_preset=&#8220;default&#8220; global_colors_info=&#8220;{}&#8220;][\/dsm_business_hours][\/et_pb_column_inner][et_pb_column_inner type=&#8220;1_2&#8243; saved_specialty_column_type=&#8220;1_2&#8243; _builder_version=&#8220;4.16&#8243; global_colors_info=&#8220;{}&#8220;][et_pb_blurb title=&#8220;ADRESSE&#8220; _builder_version=&#8220;4.16&#8243; header_font=&#8220;|700|||||||&#8220; global_colors_info=&#8220;{}&#8220;]<\/p>\n<p>&nbsp;<\/p>\n<table style=\"border-color: #fbe449;\">\n<tbody>\n<tr>\n<td>Radgasse 12 &#8211; 14<\/td>\n<\/tr>\n<tr>\n<td>73430 Aalen<\/td>\n<\/tr>\n<tr>\n<td>TEL: 07361\/961769<\/td>\n<\/tr>\n<tr>\n<td>info@dr-fashion.de<\/td>\n<\/tr>\n<\/tbody>\n<\/table>\n<p>[\/et_pb_blurb][\/et_pb_column_inner][\/et_pb_row_inner][\/et_pb_column][\/et_pb_section][et_pb_section fb_built=&#8220;1&#8243; _builder_version=&#8220;4.16&#8243; global_colors_info=&#8220;{}&#8220;][\/et_pb_section]<\/p>\n","protected":false},"excerpt":{"rendered":"<p>DR. FASHION ONLINE\u00a0HIER GEHTS DIREKT\u00a0ZUM SORTIMENTSt\u00f6ber durch unser Sortiment und reservier dir deine Teile gleich online. Du kannst sie dann bequem &amp; einfach bei uns im Laden abholen und bezahlen.<style type=\"text\/css\">\n<\/style>DR. KUNDENKARTE\u00a0CLUBMITGLIED WERDEN UND PROFITIEREN\u00a03 % werden deinem Konto Gutgeschrieben bei jedem Einkauf regul\u00e4rer Ware. Dieser Rabatt wird am Ende des Jahres als Gutschein verschickt.Dr. [&hellip;]<\/p>\n","protected":false},"author":1,"featured_media":0,"parent":0,"menu_order":0,"comment_status":"closed","ping_status":"closed","template":"","meta":{"_et_pb_use_builder":"on","_et_pb_old_content":"","_et_gb_content_width":"","footnotes":""},"yoast_head":"<!-- This site is optimized with the Yoast SEO plugin v23.5 - https:\/\/yoast.com\/wordpress\/plugins\/seo\/ -->\n<title>Startseite - Dr. Fashion<\/title>\n<meta name=\"robots\" content=\"index, follow, max-snippet:-1, max-image-preview:large, max-video-preview:-1\" \/>\n<link rel=\"canonical\" href=\"https:\/\/dr-fashion.de\/\" \/>\n<meta property=\"og:locale\" content=\"de_DE\" \/>\n<meta property=\"og:type\" content=\"article\" \/>\n<meta property=\"og:title\" content=\"Startseite - Dr. Fashion\" \/>\n<meta property=\"og:description\" content=\"DR. FASHION ONLINE\u00a0HIER GEHTS DIREKT\u00a0ZUM SORTIMENTSt\u00f6ber durch unser Sortiment und reservier dir deine Teile gleich online. Du kannst sie dann bequem &amp; einfach bei uns im Laden abholen und bezahlen.DR. KUNDENKARTE\u00a0CLUBMITGLIED WERDEN UND PROFITIEREN\u00a03 % werden deinem Konto Gutgeschrieben bei jedem Einkauf regul\u00e4rer Ware. Dieser Rabatt wird am Ende des Jahres als Gutschein verschickt.Dr. [&hellip;]\" \/>\n<meta property=\"og:url\" content=\"https:\/\/dr-fashion.de\/\" \/>\n<meta property=\"og:site_name\" content=\"Dr. Fashion\" \/>\n<meta property=\"article:modified_time\" content=\"2023-11-02T16:13:46+00:00\" \/>\n<meta name=\"twitter:card\" content=\"summary_large_image\" \/>\n<meta name=\"twitter:label1\" content=\"Gesch\u00e4tzte Lesezeit\" \/>\n\t<meta name=\"twitter:data1\" content=\"9\u00a0Minuten\" \/>\n<script type=\"application\/ld+json\" class=\"yoast-schema-graph\">{\"@context\":\"https:\/\/schema.org\",\"@graph\":[{\"@type\":\"WebPage\",\"@id\":\"https:\/\/dr-fashion.de\/\",\"url\":\"https:\/\/dr-fashion.de\/\",\"name\":\"Startseite - Dr. Fashion\",\"isPartOf\":{\"@id\":\"https:\/\/dr-fashion.de\/#website\"},\"datePublished\":\"2020-03-28T13:28:33+00:00\",\"dateModified\":\"2023-11-02T16:13:46+00:00\",\"breadcrumb\":{\"@id\":\"https:\/\/dr-fashion.de\/#breadcrumb\"},\"inLanguage\":\"de\",\"potentialAction\":[{\"@type\":\"ReadAction\",\"target\":[\"https:\/\/dr-fashion.de\/\"]}]},{\"@type\":\"BreadcrumbList\",\"@id\":\"https:\/\/dr-fashion.de\/#breadcrumb\",\"itemListElement\":[{\"@type\":\"ListItem\",\"position\":1,\"name\":\"Startseite\",\"item\":\"https:\/\/dr-fashion.de\/\"},{\"@type\":\"ListItem\",\"position\":2,\"name\":\"Startseite\"}]},{\"@type\":\"WebSite\",\"@id\":\"https:\/\/dr-fashion.de\/#website\",\"url\":\"https:\/\/dr-fashion.de\/\",\"name\":\"Dr. Fashion\",\"description\":\"Wir sind, was du brauchst\",\"potentialAction\":[{\"@type\":\"SearchAction\",\"target\":{\"@type\":\"EntryPoint\",\"urlTemplate\":\"https:\/\/dr-fashion.de\/?s={search_term_string}\"},\"query-input\":{\"@type\":\"PropertyValueSpecification\",\"valueRequired\":true,\"valueName\":\"search_term_string\"}}],\"inLanguage\":\"de\"}]}<\/script>\n<!-- \/ Yoast SEO plugin. -->","yoast_head_json":{"title":"Startseite - Dr. Fashion","robots":{"index":"index","follow":"follow","max-snippet":"max-snippet:-1","max-image-preview":"max-image-preview:large","max-video-preview":"max-video-preview:-1"},"canonical":"https:\/\/dr-fashion.de\/","og_locale":"de_DE","og_type":"article","og_title":"Startseite - Dr. Fashion","og_description":"DR. FASHION ONLINE\u00a0HIER GEHTS DIREKT\u00a0ZUM SORTIMENTSt\u00f6ber durch unser Sortiment und reservier dir deine Teile gleich online. Du kannst sie dann bequem &amp; einfach bei uns im Laden abholen und bezahlen.DR. KUNDENKARTE\u00a0CLUBMITGLIED WERDEN UND PROFITIEREN\u00a03 % werden deinem Konto Gutgeschrieben bei jedem Einkauf regul\u00e4rer Ware. Dieser Rabatt wird am Ende des Jahres als Gutschein verschickt.Dr. [&hellip;]","og_url":"https:\/\/dr-fashion.de\/","og_site_name":"Dr. Fashion","article_modified_time":"2023-11-02T16:13:46+00:00","twitter_card":"summary_large_image","twitter_misc":{"Gesch\u00e4tzte Lesezeit":"9\u00a0Minuten"},"schema":{"@context":"https:\/\/schema.org","@graph":[{"@type":"WebPage","@id":"https:\/\/dr-fashion.de\/","url":"https:\/\/dr-fashion.de\/","name":"Startseite - Dr. Fashion","isPartOf":{"@id":"https:\/\/dr-fashion.de\/#website"},"datePublished":"2020-03-28T13:28:33+00:00","dateModified":"2023-11-02T16:13:46+00:00","breadcrumb":{"@id":"https:\/\/dr-fashion.de\/#breadcrumb"},"inLanguage":"de","potentialAction":[{"@type":"ReadAction","target":["https:\/\/dr-fashion.de\/"]}]},{"@type":"BreadcrumbList","@id":"https:\/\/dr-fashion.de\/#breadcrumb","itemListElement":[{"@type":"ListItem","position":1,"name":"Startseite","item":"https:\/\/dr-fashion.de\/"},{"@type":"ListItem","position":2,"name":"Startseite"}]},{"@type":"WebSite","@id":"https:\/\/dr-fashion.de\/#website","url":"https:\/\/dr-fashion.de\/","name":"Dr. Fashion","description":"Wir sind, was du brauchst","potentialAction":[{"@type":"SearchAction","target":{"@type":"EntryPoint","urlTemplate":"https:\/\/dr-fashion.de\/?s={search_term_string}"},"query-input":{"@type":"PropertyValueSpecification","valueRequired":true,"valueName":"search_term_string"}}],"inLanguage":"de"}]}},"_links":{"self":[{"href":"http:\/\/dr-fashion.de\/index.php?rest_route=\/wp\/v2\/pages\/10"}],"collection":[{"href":"http:\/\/dr-fashion.de\/index.php?rest_route=\/wp\/v2\/pages"}],"about":[{"href":"http:\/\/dr-fashion.de\/index.php?rest_route=\/wp\/v2\/types\/page"}],"author":[{"embeddable":true,"href":"http:\/\/dr-fashion.de\/index.php?rest_route=\/wp\/v2\/users\/1"}],"replies":[{"embeddable":true,"href":"http:\/\/dr-fashion.de\/index.php?rest_route=%2Fwp%2Fv2%2Fcomments&post=10"}],"version-history":[{"count":40,"href":"http:\/\/dr-fashion.de\/index.php?rest_route=\/wp\/v2\/pages\/10\/revisions"}],"predecessor-version":[{"id":134,"href":"http:\/\/dr-fashion.de\/index.php?rest_route=\/wp\/v2\/pages\/10\/revisions\/134"}],"wp:attachment":[{"href":"http:\/\/dr-fashion.de\/index.php?rest_route=%2Fwp%2Fv2%2Fmedia&parent=10"}],"curies":[{"name":"wp","href":"https:\/\/api.w.org\/{rel}","templated":true}]}}