{"id":46,"date":"2020-03-28T15:51:30","date_gmt":"2020-03-28T15:51:30","guid":{"rendered":"http:\/\/dr-fashion.de\/?page_id=46"},"modified":"2020-03-28T15:51:30","modified_gmt":"2020-03-28T15:51:30","slug":"impressum","status":"publish","type":"page","link":"http:\/\/dr-fashion.de\/?page_id=46","title":{"rendered":"Impressum"},"content":{"rendered":"<p>[et_pb_section fb_built=&#8220;1&#8243; _builder_version=&#8220;4.4.1&#8243;][et_pb_row _builder_version=&#8220;4.4.1&#8243;][et_pb_column type=&#8220;4_4&#8243; _builder_version=&#8220;4.4.1&#8243;][et_pb_blurb title=&#8220;Impressum&#8220; _builder_version=&#8220;4.4.1&#8243; transform_translate=&#8220;-300px|0px&#8220; transform_translate_linked=&#8220;off&#8220;]<\/p>\n<p><b><span>Dr. Skate e.K. Inh. Uli Riegel<\/span><br \/> <\/b>Radgasse 12 &#8211; 14<br \/> 73430 Aalen<\/p>\n<p>Telefon: 07361\/961769<br \/> E-Mail:<span>\u00a0info@dr-fashion.de<\/span><\/p>\n<p>Inhaber<br \/> Uli Riegel<br \/> USt-IdNr.: DE152578556<\/p>\n<p><b>Inhaltlich Verantwortlicher<br \/> <\/b><b>gem\u00e4ss \u00a7 6 MDStV:<br \/> <\/b>Uli Riegel<br \/> Radgasse 12 &#8211; 14, 73430 Aalen<\/p>\n<p><b><br \/> Haftungshinweis<br \/> <\/b>Die Inhalte dieses Webauftrittes wurden sorgf\u00e4ltig gepr\u00fcft und nach bestem Wissen und Gewissen erstellt. Dennoch kann f\u00fcr die hier dargebotenen Informationen kein Anspruch auf Vollst\u00e4ndigkeit, Aktualit\u00e4t, Qualit\u00e4t und Richtigkeit erhoben werden. Es kann keine Verantwortung f\u00fcr Sch\u00e4den \u00fcbernommen werden, die durch das Vertrauen auf die Inhalte dieser Website oder deren Nutzung entstehen.<\/p>\n<p><b><br \/> Copyright<br \/> <\/b>Der Urheber r\u00e4umt Ihnen ganz konkret das Nutzungsrecht ein, sich eine private Kopie f\u00fcr pers\u00f6nliche Zwecke anzufertigen. Nicht berechtigt sind Sie dagegen, die Materialien zu ver\u00e4ndern, weiterzugeben oder gar selbst zu ver\u00f6ffentlichen.<\/p>\n<p>[\/et_pb_blurb][\/et_pb_column][\/et_pb_row][\/et_pb_section]<\/p>\n","protected":false},"excerpt":{"rendered":"<p>Dr. Skate e.K. Inh. Uli Riegel Radgasse 12 &#8211; 14 73430 Aalen Telefon: 07361\/961769 E-Mail:\u00a0info@dr-fashion.de Inhaber Uli Riegel USt-IdNr.: DE152578556 Inhaltlich Verantwortlicher gem\u00e4ss \u00a7 6 MDStV: Uli Riegel Radgasse 12 &#8211; 14, 73430 Aalen Haftungshinweis Die Inhalte dieses Webauftrittes wurden sorgf\u00e4ltig gepr\u00fcft und nach bestem Wissen und Gewissen erstellt. Dennoch kann f\u00fcr die hier dargebotenen [&hellip;]<\/p>\n","protected":false},"author":1,"featured_media":0,"parent":0,"menu_order":0,"comment_status":"closed","ping_status":"closed","template":"","meta":{"_et_pb_use_builder":"on","_et_pb_old_content":"","_et_gb_content_width":"","footnotes":""},"yoast_head":"<!-- This site is optimized with the Yoast SEO plugin v23.5 - https:\/\/yoast.com\/wordpress\/plugins\/seo\/ -->\n<title>Impressum - Dr. Fashion<\/title>\n<meta name=\"robots\" content=\"index, follow, max-snippet:-1, max-image-preview:large, max-video-preview:-1\" \/>\n<link rel=\"canonical\" href=\"http:\/\/dr-fashion.de\/?page_id=46\" \/>\n<meta property=\"og:locale\" content=\"de_DE\" \/>\n<meta property=\"og:type\" content=\"article\" \/>\n<meta property=\"og:title\" content=\"Impressum - Dr. Fashion\" \/>\n<meta property=\"og:description\" content=\"Dr. Skate e.K. Inh. Uli Riegel Radgasse 12 - 14 73430 Aalen Telefon: 07361\/961769 E-Mail:\u00a0info@dr-fashion.de Inhaber Uli Riegel USt-IdNr.: DE152578556 Inhaltlich Verantwortlicher gem\u00e4ss \u00a7 6 MDStV: Uli Riegel Radgasse 12 - 14, 73430 Aalen Haftungshinweis Die Inhalte dieses Webauftrittes wurden sorgf\u00e4ltig gepr\u00fcft und nach bestem Wissen und Gewissen erstellt. Dennoch kann f\u00fcr die hier dargebotenen [&hellip;]\" \/>\n<meta property=\"og:url\" content=\"http:\/\/dr-fashion.de\/?page_id=46\" \/>\n<meta property=\"og:site_name\" content=\"Dr. Fashion\" \/>\n<meta name=\"twitter:card\" content=\"summary_large_image\" \/>\n<meta name=\"twitter:label1\" content=\"Gesch\u00e4tzte Lesezeit\" \/>\n\t<meta name=\"twitter:data1\" content=\"1\u00a0Minute\" \/>\n<script type=\"application\/ld+json\" class=\"yoast-schema-graph\">{\"@context\":\"https:\/\/schema.org\",\"@graph\":[{\"@type\":\"WebPage\",\"@id\":\"http:\/\/dr-fashion.de\/?page_id=46\",\"url\":\"http:\/\/dr-fashion.de\/?page_id=46\",\"name\":\"Impressum - Dr. Fashion\",\"isPartOf\":{\"@id\":\"https:\/\/dr-fashion.de\/#website\"},\"datePublished\":\"2020-03-28T15:51:30+00:00\",\"dateModified\":\"2020-03-28T15:51:30+00:00\",\"breadcrumb\":{\"@id\":\"http:\/\/dr-fashion.de\/?page_id=46#breadcrumb\"},\"inLanguage\":\"de\",\"potentialAction\":[{\"@type\":\"ReadAction\",\"target\":[\"http:\/\/dr-fashion.de\/?page_id=46\"]}]},{\"@type\":\"BreadcrumbList\",\"@id\":\"http:\/\/dr-fashion.de\/?page_id=46#breadcrumb\",\"itemListElement\":[{\"@type\":\"ListItem\",\"position\":1,\"name\":\"Startseite\",\"item\":\"https:\/\/dr-fashion.de\/\"},{\"@type\":\"ListItem\",\"position\":2,\"name\":\"Impressum\"}]},{\"@type\":\"WebSite\",\"@id\":\"https:\/\/dr-fashion.de\/#website\",\"url\":\"https:\/\/dr-fashion.de\/\",\"name\":\"Dr. Fashion\",\"description\":\"Wir sind, was du brauchst\",\"potentialAction\":[{\"@type\":\"SearchAction\",\"target\":{\"@type\":\"EntryPoint\",\"urlTemplate\":\"https:\/\/dr-fashion.de\/?s={search_term_string}\"},\"query-input\":{\"@type\":\"PropertyValueSpecification\",\"valueRequired\":true,\"valueName\":\"search_term_string\"}}],\"inLanguage\":\"de\"}]}<\/script>\n<!-- \/ Yoast SEO plugin. -->","yoast_head_json":{"title":"Impressum - Dr. Fashion","robots":{"index":"index","follow":"follow","max-snippet":"max-snippet:-1","max-image-preview":"max-image-preview:large","max-video-preview":"max-video-preview:-1"},"canonical":"http:\/\/dr-fashion.de\/?page_id=46","og_locale":"de_DE","og_type":"article","og_title":"Impressum - Dr. Fashion","og_description":"Dr. Skate e.K. Inh. Uli Riegel Radgasse 12 - 14 73430 Aalen Telefon: 07361\/961769 E-Mail:\u00a0info@dr-fashion.de Inhaber Uli Riegel USt-IdNr.: DE152578556 Inhaltlich Verantwortlicher gem\u00e4ss \u00a7 6 MDStV: Uli Riegel Radgasse 12 - 14, 73430 Aalen Haftungshinweis Die Inhalte dieses Webauftrittes wurden sorgf\u00e4ltig gepr\u00fcft und nach bestem Wissen und Gewissen erstellt. Dennoch kann f\u00fcr die hier dargebotenen [&hellip;]","og_url":"http:\/\/dr-fashion.de\/?page_id=46","og_site_name":"Dr. Fashion","twitter_card":"summary_large_image","twitter_misc":{"Gesch\u00e4tzte Lesezeit":"1\u00a0Minute"},"schema":{"@context":"https:\/\/schema.org","@graph":[{"@type":"WebPage","@id":"http:\/\/dr-fashion.de\/?page_id=46","url":"http:\/\/dr-fashion.de\/?page_id=46","name":"Impressum - Dr. Fashion","isPartOf":{"@id":"https:\/\/dr-fashion.de\/#website"},"datePublished":"2020-03-28T15:51:30+00:00","dateModified":"2020-03-28T15:51:30+00:00","breadcrumb":{"@id":"http:\/\/dr-fashion.de\/?page_id=46#breadcrumb"},"inLanguage":"de","potentialAction":[{"@type":"ReadAction","target":["http:\/\/dr-fashion.de\/?page_id=46"]}]},{"@type":"BreadcrumbList","@id":"http:\/\/dr-fashion.de\/?page_id=46#breadcrumb","itemListElement":[{"@type":"ListItem","position":1,"name":"Startseite","item":"https:\/\/dr-fashion.de\/"},{"@type":"ListItem","position":2,"name":"Impressum"}]},{"@type":"WebSite","@id":"https:\/\/dr-fashion.de\/#website","url":"https:\/\/dr-fashion.de\/","name":"Dr. Fashion","description":"Wir sind, was du brauchst","potentialAction":[{"@type":"SearchAction","target":{"@type":"EntryPoint","urlTemplate":"https:\/\/dr-fashion.de\/?s={search_term_string}"},"query-input":{"@type":"PropertyValueSpecification","valueRequired":true,"valueName":"search_term_string"}}],"inLanguage":"de"}]}},"_links":{"self":[{"href":"http:\/\/dr-fashion.de\/index.php?rest_route=\/wp\/v2\/pages\/46"}],"collection":[{"href":"http:\/\/dr-fashion.de\/index.php?rest_route=\/wp\/v2\/pages"}],"about":[{"href":"http:\/\/dr-fashion.de\/index.php?rest_route=\/wp\/v2\/types\/page"}],"author":[{"embeddable":true,"href":"http:\/\/dr-fashion.de\/index.php?rest_route=\/wp\/v2\/users\/1"}],"replies":[{"embeddable":true,"href":"http:\/\/dr-fashion.de\/index.php?rest_route=%2Fwp%2Fv2%2Fcomments&post=46"}],"version-history":[{"count":2,"href":"http:\/\/dr-fashion.de\/index.php?rest_route=\/wp\/v2\/pages\/46\/revisions"}],"predecessor-version":[{"id":48,"href":"http:\/\/dr-fashion.de\/index.php?rest_route=\/wp\/v2\/pages\/46\/revisions\/48"}],"wp:attachment":[{"href":"http:\/\/dr-fashion.de\/index.php?rest_route=%2Fwp%2Fv2%2Fmedia&parent=46"}],"curies":[{"name":"wp","href":"https:\/\/api.w.org\/{rel}","templated":true}]}}